{"id":1814,"date":"2025-07-19T21:07:43","date_gmt":"2025-07-19T21:07:43","guid":{"rendered":"https:\/\/www.lauragianetti.com\/home\/?page_id=1814"},"modified":"2025-07-20T07:30:41","modified_gmt":"2025-07-20T07:30:41","slug":"della-natura","status":"publish","type":"page","link":"https:\/\/www.lauragianetti.com\/home\/della-natura\/","title":{"rendered":"Della Natura"},"content":{"rendered":"\n<p>Il progetto si compone di una serie di 5 sculture in resina di solidi platonici assemblati a materiali organici, principalmente nidi di insetti impollinatori e legni recuperati dall\u2019incendio doloso del Monte Serra (PI) nel 2018.<\/p>\n\n\n\n<figure class=\"wp-block-image size-large\"><img loading=\"lazy\" decoding=\"async\" width=\"700\" height=\"318\" src=\"https:\/\/www.lauragianetti.com\/home\/wp-content\/uploads\/2025\/07\/presentazione-dodecaedro_1-700x318.jpg\" alt=\"\" class=\"wp-image-1815\" srcset=\"https:\/\/www.lauragianetti.com\/home\/wp-content\/uploads\/2025\/07\/presentazione-dodecaedro_1-700x318.jpg 700w, https:\/\/www.lauragianetti.com\/home\/wp-content\/uploads\/2025\/07\/presentazione-dodecaedro_1-300x136.jpg 300w, https:\/\/www.lauragianetti.com\/home\/wp-content\/uploads\/2025\/07\/presentazione-dodecaedro_1-768x349.jpg 768w, https:\/\/www.lauragianetti.com\/home\/wp-content\/uploads\/2025\/07\/presentazione-dodecaedro_1-1536x698.jpg 1536w, https:\/\/www.lauragianetti.com\/home\/wp-content\/uploads\/2025\/07\/presentazione-dodecaedro_1-2048x931.jpg 2048w\" sizes=\"auto, (max-width: 700px) 100vw, 700px\" \/><figcaption class=\"wp-element-caption\"><strong>Dodecaedro<\/strong> <strong>\/ ETERE<\/strong> (resina, nido di vespa, foglia d&#8217;oro e legno) 2025<\/figcaption><\/figure>\n\n\n\n<p>Vi fu un tempo in cui gli uomini riconoscevano l\u2019ordine del cosmo, e ogni cosa esisteva secondo misura, proporzione e necessit\u00e0. Le forme perfette non erano solo figure, ma principi primi, architetture dell\u2019essere che davano struttura agli elementi: la terra, l\u2019aria, il fuoco, l\u2019acqua, e ci\u00f2 che li contiene e li unisce, l\u2019etere.<\/p>\n\n\n\n<p>In questa serie i solidi platonici ritornano a noi non come modelli astratti, ma come ricettacoli del mondo sensibile, come corpi trasparenti che trattengono al loro interno frammenti di una natura ferita: nidi di creature alate, legni arsi dal fuoco, foglie d\u2019oro che tentano una guarigione, come fa il saggio che ricuce l\u2019anima turbata.<\/p>\n\n\n\n<p>Come un demiurgo contemporaneo, l\u2019artista-alchimista non crea dal nulla ma raccoglie ci\u00f2 che \u00e8 stato abbandonato, disponendolo secondo sensibilit\u00e0 e intelletto. Ogni solido quindi si fa piccolo cosmo, contenitore di relazioni invisibili tra idea e materia, tra forma e disordine, tra l\u2019essere umano e ci\u00f2 che si pu\u00f2 solo intuire. <\/p>\n\n\n\n<p>Ma se tutto ci\u00f2 \u00e8 generato tende al bisogno di essere compreso, qui il tempo resta sospeso come in un respiro trattenuto, affinch\u00e9 l\u2019anima abbia il tempo di comprendere che tutto scorre attraverso ci\u00f2 che \u00e8 pi\u00f9 piccolo, pi\u00f9 fragile, spesso trascurato e dimenticarlo \u00e8 smarrire l\u2019armonia. Riconoscerlo \u00e8 il primo passo per ritornare all\u2019equilibrio da cui ogni ordine ha origine.<\/p>\n\n\n\n<figure class=\"wp-block-image size-full\"><img loading=\"lazy\" decoding=\"async\" width=\"16023\" height=\"20112\" src=\"https:\/\/www.lauragianetti.com\/home\/wp-content\/uploads\/2025\/07\/cubo-presentazione.jpg\" alt=\"\" class=\"wp-image-1816\"\/><figcaption class=\"wp-element-caption\"><strong>Esaedro<\/strong> <strong>\/ TERRA<\/strong> (resina, legno, ape, foglia d&#8217;oro) 2025<\/figcaption><\/figure>\n\n\n\n<figure class=\"wp-block-image size-large\"><img loading=\"lazy\" decoding=\"async\" width=\"700\" height=\"943\" src=\"https:\/\/www.lauragianetti.com\/home\/wp-content\/uploads\/2025\/07\/icosaedro-700x943.jpg\" alt=\"\" class=\"wp-image-1822\" srcset=\"https:\/\/www.lauragianetti.com\/home\/wp-content\/uploads\/2025\/07\/icosaedro-700x943.jpg 700w, https:\/\/www.lauragianetti.com\/home\/wp-content\/uploads\/2025\/07\/icosaedro-223x300.jpg 223w, https:\/\/www.lauragianetti.com\/home\/wp-content\/uploads\/2025\/07\/icosaedro-768x1035.jpg 768w, https:\/\/www.lauragianetti.com\/home\/wp-content\/uploads\/2025\/07\/icosaedro-1140x1536.jpg 1140w, https:\/\/www.lauragianetti.com\/home\/wp-content\/uploads\/2025\/07\/icosaedro-1520x2048.jpg 1520w, https:\/\/www.lauragianetti.com\/home\/wp-content\/uploads\/2025\/07\/icosaedro-scaled.jpg 1900w\" sizes=\"auto, (max-width: 700px) 100vw, 700px\" \/><figcaption class=\"wp-element-caption\"><strong>Icosaedro<\/strong> <strong>\/ ACQUA<\/strong> (resina, conchiglia fossile, pigmento al neon) 2025<\/figcaption><\/figure>\n\n\n\n<figure class=\"wp-block-image size-large\"><img loading=\"lazy\" decoding=\"async\" width=\"700\" height=\"790\" src=\"https:\/\/www.lauragianetti.com\/home\/wp-content\/uploads\/2025\/07\/piramide-presentazione-low-700x790.jpg\" alt=\"\" class=\"wp-image-1824\" srcset=\"https:\/\/www.lauragianetti.com\/home\/wp-content\/uploads\/2025\/07\/piramide-presentazione-low-700x790.jpg 700w, https:\/\/www.lauragianetti.com\/home\/wp-content\/uploads\/2025\/07\/piramide-presentazione-low-266x300.jpg 266w, https:\/\/www.lauragianetti.com\/home\/wp-content\/uploads\/2025\/07\/piramide-presentazione-low-768x867.jpg 768w, https:\/\/www.lauragianetti.com\/home\/wp-content\/uploads\/2025\/07\/piramide-presentazione-low-1361x1536.jpg 1361w, https:\/\/www.lauragianetti.com\/home\/wp-content\/uploads\/2025\/07\/piramide-presentazione-low-1815x2048.jpg 1815w\" sizes=\"auto, (max-width: 700px) 100vw, 700px\" \/><figcaption class=\"wp-element-caption\"><strong>Tetraedro<\/strong>, <strong>\/ FUOCO<\/strong> (resina, legno, nido di calabrone) 2025<\/figcaption><\/figure>\n\n\n\n<figure class=\"wp-block-image size-large\"><img loading=\"lazy\" decoding=\"async\" width=\"700\" height=\"782\" src=\"https:\/\/www.lauragianetti.com\/home\/wp-content\/uploads\/2025\/07\/presentazione-ottaedro_low-700x782.jpg\" alt=\"\" class=\"wp-image-1826\" srcset=\"https:\/\/www.lauragianetti.com\/home\/wp-content\/uploads\/2025\/07\/presentazione-ottaedro_low-700x782.jpg 700w, https:\/\/www.lauragianetti.com\/home\/wp-content\/uploads\/2025\/07\/presentazione-ottaedro_low-269x300.jpg 269w, https:\/\/www.lauragianetti.com\/home\/wp-content\/uploads\/2025\/07\/presentazione-ottaedro_low-768x858.jpg 768w, https:\/\/www.lauragianetti.com\/home\/wp-content\/uploads\/2025\/07\/presentazione-ottaedro_low-1375x1536.jpg 1375w, https:\/\/www.lauragianetti.com\/home\/wp-content\/uploads\/2025\/07\/presentazione-ottaedro_low-1834x2048.jpg 1834w\" sizes=\"auto, (max-width: 700px) 100vw, 700px\" \/><figcaption class=\"wp-element-caption\"><strong>Ottaedro<\/strong> <strong>\/ ARIA<\/strong> (resina, cicala) 2025<\/figcaption><\/figure>\n\n\n\n<p><\/p>\n","protected":false},"excerpt":{"rendered":"<p>Il progetto si compone di una serie di 5 sculture in resina di solidi platonici assemblati a materiali organici, principalmente nidi di insetti impollinatori e legni recuperati dall\u2019incendio doloso del Monte Serra (PI) nel 2018. Vi fu un tempo in cui gli uomini riconoscevano l\u2019ordine del cosmo, e ogni cosa esisteva secondo misura, proporzione e &hellip; <\/p>\n<p class=\"link-more\"><a href=\"https:\/\/www.lauragianetti.com\/home\/della-natura\/\" class=\"more-link\">Leggi tutto<span class=\"screen-reader-text\"> &#8220;Della Natura&#8221;<\/span><\/a><\/p>\n","protected":false},"author":1,"featured_media":1841,"parent":0,"menu_order":0,"comment_status":"closed","ping_status":"closed","template":"","meta":{"footnotes":""},"class_list":["post-1814","page","type-page","status-publish","has-post-thumbnail","hentry"],"_links":{"self":[{"href":"https:\/\/www.lauragianetti.com\/home\/wp-json\/wp\/v2\/pages\/1814","targetHints":{"allow":["GET"]}}],"collection":[{"href":"https:\/\/www.lauragianetti.com\/home\/wp-json\/wp\/v2\/pages"}],"about":[{"href":"https:\/\/www.lauragianetti.com\/home\/wp-json\/wp\/v2\/types\/page"}],"author":[{"embeddable":true,"href":"https:\/\/www.lauragianetti.com\/home\/wp-json\/wp\/v2\/users\/1"}],"replies":[{"embeddable":true,"href":"https:\/\/www.lauragianetti.com\/home\/wp-json\/wp\/v2\/comments?post=1814"}],"version-history":[{"count":5,"href":"https:\/\/www.lauragianetti.com\/home\/wp-json\/wp\/v2\/pages\/1814\/revisions"}],"predecessor-version":[{"id":1837,"href":"https:\/\/www.lauragianetti.com\/home\/wp-json\/wp\/v2\/pages\/1814\/revisions\/1837"}],"wp:featuredmedia":[{"embeddable":true,"href":"https:\/\/www.lauragianetti.com\/home\/wp-json\/wp\/v2\/media\/1841"}],"wp:attachment":[{"href":"https:\/\/www.lauragianetti.com\/home\/wp-json\/wp\/v2\/media?parent=1814"}],"curies":[{"name":"wp","href":"https:\/\/api.w.org\/{rel}","templated":true}]}}